{"id":938,"date":"2022-09-08T10:30:43","date_gmt":"2022-09-08T08:30:43","guid":{"rendered":"https:\/\/indid.appworksdev.pl\/?post_type=product&#038;p=938"},"modified":"2022-09-12T15:26:47","modified_gmt":"2022-09-12T13:26:47","slug":"comiesieczna-darowizna-50zl","status":"publish","type":"product","link":"https:\/\/indid.pl\/en\/produkt\/comiesieczna-darowizna-50zl\/","title":{"rendered":"Comiesi\u0119czna darowizna<br>50&nbsp;z\u0142"},"content":{"rendered":"<p>Lorem ipsum dolor sit amet, consectetur adipiscing elit. Ut sagittis, mi placerat cursus consectetur, mi quam consectetur arcu, ac dignissim elit risus sit amet tellus. In cursus tortor lacinia tellus vestibulum, eget tristique sapien pharetra. Quisque sit amet neque lorem. Morbi in convallis ligula. Cras scelerisque nulla iaculis tempus imperdiet. Ut nibh ex, pellentesque vitae diam non, egestas placerat ipsum. Nunc vulputate ipsum urna, id cursus quam feugiat eu.<\/p>\n","protected":false},"excerpt":{"rendered":"<p>Kr\u00f3tki opis<\/p>\n<p>Lorem ipsum dolor sit amet, consectetur adipiscing elit. Ut sagittis, mi placerat cursus consectetur, mi quam consectetur arcu, ac dignissim elit risus sit amet tellus. In cursus tortor lacinia tellus vestibulum, eget tristique sapien pharetra. Quisque sit amet neque lorem. Morbi in convallis ligula. Cras scelerisque nulla iaculis tempus imperdiet. Ut nibh ex, pellentesque vitae diam non, egestas placerat ipsum. Nunc vulputate ipsum urna, id cursus quam feugiat eu.<\/p>\n","protected":false},"featured_media":889,"comment_status":"open","ping_status":"closed","template":"","meta":{"_acf_changed":false,"_et_pb_use_builder":"","_et_pb_old_content":"","_et_gb_content_width":"","_editorskit_title_hidden":false,"_editorskit_reading_time":0,"_editorskit_is_block_options_detached":false,"_editorskit_block_options_position":"{}","om_disable_all_campaigns":false,"_exactmetrics_skip_tracking":false,"_exactmetrics_sitenote_active":false,"_exactmetrics_sitenote_note":"","_exactmetrics_sitenote_category":0,"_uf_show_specific_survey":0,"_uf_disable_surveys":false},"product_brand":[],"product_cat":[25],"product_tag":[],"class_list":{"0":"post-938","1":"product","2":"type-product","3":"status-publish","4":"has-post-thumbnail","6":"product_cat-bez-kategorii","8":"first","9":"instock","10":"virtual","11":"sold-individually","12":"purchasable","13":"product-type-subscription"},"acf":[],"yoast_head":"<!-- This site is optimized with the Yoast SEO plugin v27.4 - https:\/\/yoast.com\/product\/yoast-seo-wordpress\/ -->\n<title>Comiesi\u0119czna darowizna50&nbsp;z\u0142 - INDID<\/title>\n<meta name=\"robots\" content=\"index, follow, max-snippet:-1, max-image-preview:large, max-video-preview:-1\" \/>\n<link rel=\"canonical\" href=\"https:\/\/indid.pl\/en\/produkt\/comiesieczna-darowizna-50zl\/\" \/>\n<meta property=\"og:locale\" content=\"en_US\" \/>\n<meta property=\"og:type\" content=\"article\" \/>\n<meta property=\"og:title\" content=\"Comiesi\u0119czna darowizna50&nbsp;z\u0142 - INDID\" \/>\n<meta property=\"og:description\" content=\"Kr\u00f3tki opis  Lorem ipsum dolor sit amet, consectetur adipiscing elit. Ut sagittis, mi placerat cursus consectetur, mi quam consectetur arcu, ac dignissim elit risus sit amet tellus. In cursus tortor lacinia tellus vestibulum, eget tristique sapien pharetra. Quisque sit amet neque lorem. Morbi in convallis ligula. Cras scelerisque nulla iaculis tempus imperdiet. Ut nibh ex, pellentesque vitae diam non, egestas placerat ipsum. Nunc vulputate ipsum urna, id cursus quam feugiat eu.\" \/>\n<meta property=\"og:url\" content=\"https:\/\/indid.pl\/en\/produkt\/comiesieczna-darowizna-50zl\/\" \/>\n<meta property=\"og:site_name\" content=\"INDID\" \/>\n<meta property=\"article:publisher\" content=\"https:\/\/www.facebook.com\/indidpl\" \/>\n<meta property=\"article:modified_time\" content=\"2022-09-12T13:26:47+00:00\" \/>\n<meta name=\"twitter:card\" content=\"summary_large_image\" \/>\n<meta name=\"twitter:label1\" content=\"Est. reading time\" \/>\n\t<meta name=\"twitter:data1\" content=\"1 minute\" \/>\n<script type=\"application\/ld+json\" class=\"yoast-schema-graph\">{\"@context\":\"https:\\\/\\\/schema.org\",\"@graph\":[{\"@type\":\"WebPage\",\"@id\":\"https:\\\/\\\/indid.pl\\\/en\\\/produkt\\\/comiesieczna-darowizna-50zl\\\/\",\"url\":\"https:\\\/\\\/indid.pl\\\/en\\\/produkt\\\/comiesieczna-darowizna-50zl\\\/\",\"name\":\"Comiesi\u0119czna darowizna 50&nbsp;z\u0142 - INDID\",\"isPartOf\":{\"@id\":\"https:\\\/\\\/indid.pl\\\/en\\\/#website\"},\"primaryImageOfPage\":{\"@id\":\"https:\\\/\\\/indid.pl\\\/en\\\/produkt\\\/comiesieczna-darowizna-50zl\\\/#primaryimage\"},\"image\":{\"@id\":\"https:\\\/\\\/indid.pl\\\/en\\\/produkt\\\/comiesieczna-darowizna-50zl\\\/#primaryimage\"},\"thumbnailUrl\":\"https:\\\/\\\/indid.pl\\\/wp-content\\\/uploads\\\/2022\\\/09\\\/Darowizna-INDID-Logo.svg\",\"datePublished\":\"2022-09-08T08:30:43+00:00\",\"dateModified\":\"2022-09-12T13:26:47+00:00\",\"breadcrumb\":{\"@id\":\"https:\\\/\\\/indid.pl\\\/en\\\/produkt\\\/comiesieczna-darowizna-50zl\\\/#breadcrumb\"},\"inLanguage\":\"en-US\",\"potentialAction\":[{\"@type\":\"ReadAction\",\"target\":[\"https:\\\/\\\/indid.pl\\\/en\\\/produkt\\\/comiesieczna-darowizna-50zl\\\/\"]}]},{\"@type\":\"ImageObject\",\"inLanguage\":\"en-US\",\"@id\":\"https:\\\/\\\/indid.pl\\\/en\\\/produkt\\\/comiesieczna-darowizna-50zl\\\/#primaryimage\",\"url\":\"https:\\\/\\\/indid.pl\\\/wp-content\\\/uploads\\\/2022\\\/09\\\/Darowizna-INDID-Logo.svg\",\"contentUrl\":\"https:\\\/\\\/indid.pl\\\/wp-content\\\/uploads\\\/2022\\\/09\\\/Darowizna-INDID-Logo.svg\",\"width\":400,\"height\":400},{\"@type\":\"BreadcrumbList\",\"@id\":\"https:\\\/\\\/indid.pl\\\/en\\\/produkt\\\/comiesieczna-darowizna-50zl\\\/#breadcrumb\",\"itemListElement\":[{\"@type\":\"ListItem\",\"position\":1,\"name\":\"Strona g\u0142\u00f3wna\",\"item\":\"https:\\\/\\\/indid.pl\\\/en\\\/\"},{\"@type\":\"ListItem\",\"position\":2,\"name\":\"Shop\",\"item\":\"https:\\\/\\\/indid.pl\\\/en\\\/shop\\\/\"},{\"@type\":\"ListItem\",\"position\":3,\"name\":\"Comiesi\u0119czna darowizna50&nbsp;z\u0142\"}]},{\"@type\":\"WebSite\",\"@id\":\"https:\\\/\\\/indid.pl\\\/en\\\/#website\",\"url\":\"https:\\\/\\\/indid.pl\\\/en\\\/\",\"name\":\"INDID\",\"description\":\"Instytut Dyskursu i Dialogu\",\"publisher\":{\"@id\":\"https:\\\/\\\/indid.pl\\\/en\\\/#organization\"},\"potentialAction\":[{\"@type\":\"SearchAction\",\"target\":{\"@type\":\"EntryPoint\",\"urlTemplate\":\"https:\\\/\\\/indid.pl\\\/en\\\/?s={search_term_string}\"},\"query-input\":{\"@type\":\"PropertyValueSpecification\",\"valueRequired\":true,\"valueName\":\"search_term_string\"}}],\"inLanguage\":\"en-US\"},{\"@type\":\"Organization\",\"@id\":\"https:\\\/\\\/indid.pl\\\/en\\\/#organization\",\"name\":\"INDID Instytut Dyskursu i Dialogu\",\"url\":\"https:\\\/\\\/indid.pl\\\/en\\\/\",\"logo\":{\"@type\":\"ImageObject\",\"inLanguage\":\"en-US\",\"@id\":\"https:\\\/\\\/indid.pl\\\/en\\\/#\\\/schema\\\/logo\\\/image\\\/\",\"url\":\"https:\\\/\\\/indid.appworksdev.pl\\\/wp-content\\\/uploads\\\/2022\\\/06\\\/INDID-Logo.svg\",\"contentUrl\":\"https:\\\/\\\/indid.appworksdev.pl\\\/wp-content\\\/uploads\\\/2022\\\/06\\\/INDID-Logo.svg\",\"width\":281,\"height\":69,\"caption\":\"INDID Instytut Dyskursu i Dialogu\"},\"image\":{\"@id\":\"https:\\\/\\\/indid.pl\\\/en\\\/#\\\/schema\\\/logo\\\/image\\\/\"},\"sameAs\":[\"https:\\\/\\\/www.facebook.com\\\/indidpl\"]}]}<\/script>\n<!-- \/ Yoast SEO plugin. -->","yoast_head_json":{"title":"Comiesi\u0119czna darowizna50&nbsp;z\u0142 - INDID","robots":{"index":"index","follow":"follow","max-snippet":"max-snippet:-1","max-image-preview":"max-image-preview:large","max-video-preview":"max-video-preview:-1"},"canonical":"https:\/\/indid.pl\/en\/produkt\/comiesieczna-darowizna-50zl\/","og_locale":"en_US","og_type":"article","og_title":"Comiesi\u0119czna darowizna50&nbsp;z\u0142 - INDID","og_description":"Kr\u00f3tki opis  Lorem ipsum dolor sit amet, consectetur adipiscing elit. Ut sagittis, mi placerat cursus consectetur, mi quam consectetur arcu, ac dignissim elit risus sit amet tellus. In cursus tortor lacinia tellus vestibulum, eget tristique sapien pharetra. Quisque sit amet neque lorem. Morbi in convallis ligula. Cras scelerisque nulla iaculis tempus imperdiet. Ut nibh ex, pellentesque vitae diam non, egestas placerat ipsum. Nunc vulputate ipsum urna, id cursus quam feugiat eu.","og_url":"https:\/\/indid.pl\/en\/produkt\/comiesieczna-darowizna-50zl\/","og_site_name":"INDID","article_publisher":"https:\/\/www.facebook.com\/indidpl","article_modified_time":"2022-09-12T13:26:47+00:00","twitter_card":"summary_large_image","twitter_misc":{"Est. reading time":"1 minute"},"schema":{"@context":"https:\/\/schema.org","@graph":[{"@type":"WebPage","@id":"https:\/\/indid.pl\/en\/produkt\/comiesieczna-darowizna-50zl\/","url":"https:\/\/indid.pl\/en\/produkt\/comiesieczna-darowizna-50zl\/","name":"Comiesi\u0119czna darowizna 50&nbsp;z\u0142 - INDID","isPartOf":{"@id":"https:\/\/indid.pl\/en\/#website"},"primaryImageOfPage":{"@id":"https:\/\/indid.pl\/en\/produkt\/comiesieczna-darowizna-50zl\/#primaryimage"},"image":{"@id":"https:\/\/indid.pl\/en\/produkt\/comiesieczna-darowizna-50zl\/#primaryimage"},"thumbnailUrl":"https:\/\/indid.pl\/wp-content\/uploads\/2022\/09\/Darowizna-INDID-Logo.svg","datePublished":"2022-09-08T08:30:43+00:00","dateModified":"2022-09-12T13:26:47+00:00","breadcrumb":{"@id":"https:\/\/indid.pl\/en\/produkt\/comiesieczna-darowizna-50zl\/#breadcrumb"},"inLanguage":"en-US","potentialAction":[{"@type":"ReadAction","target":["https:\/\/indid.pl\/en\/produkt\/comiesieczna-darowizna-50zl\/"]}]},{"@type":"ImageObject","inLanguage":"en-US","@id":"https:\/\/indid.pl\/en\/produkt\/comiesieczna-darowizna-50zl\/#primaryimage","url":"https:\/\/indid.pl\/wp-content\/uploads\/2022\/09\/Darowizna-INDID-Logo.svg","contentUrl":"https:\/\/indid.pl\/wp-content\/uploads\/2022\/09\/Darowizna-INDID-Logo.svg","width":400,"height":400},{"@type":"BreadcrumbList","@id":"https:\/\/indid.pl\/en\/produkt\/comiesieczna-darowizna-50zl\/#breadcrumb","itemListElement":[{"@type":"ListItem","position":1,"name":"Strona g\u0142\u00f3wna","item":"https:\/\/indid.pl\/en\/"},{"@type":"ListItem","position":2,"name":"Shop","item":"https:\/\/indid.pl\/en\/shop\/"},{"@type":"ListItem","position":3,"name":"Comiesi\u0119czna darowizna50&nbsp;z\u0142"}]},{"@type":"WebSite","@id":"https:\/\/indid.pl\/en\/#website","url":"https:\/\/indid.pl\/en\/","name":"INDID","description":"Instytut Dyskursu i Dialogu","publisher":{"@id":"https:\/\/indid.pl\/en\/#organization"},"potentialAction":[{"@type":"SearchAction","target":{"@type":"EntryPoint","urlTemplate":"https:\/\/indid.pl\/en\/?s={search_term_string}"},"query-input":{"@type":"PropertyValueSpecification","valueRequired":true,"valueName":"search_term_string"}}],"inLanguage":"en-US"},{"@type":"Organization","@id":"https:\/\/indid.pl\/en\/#organization","name":"INDID Instytut Dyskursu i Dialogu","url":"https:\/\/indid.pl\/en\/","logo":{"@type":"ImageObject","inLanguage":"en-US","@id":"https:\/\/indid.pl\/en\/#\/schema\/logo\/image\/","url":"https:\/\/indid.appworksdev.pl\/wp-content\/uploads\/2022\/06\/INDID-Logo.svg","contentUrl":"https:\/\/indid.appworksdev.pl\/wp-content\/uploads\/2022\/06\/INDID-Logo.svg","width":281,"height":69,"caption":"INDID Instytut Dyskursu i Dialogu"},"image":{"@id":"https:\/\/indid.pl\/en\/#\/schema\/logo\/image\/"},"sameAs":["https:\/\/www.facebook.com\/indidpl"]}]}},"_links":{"self":[{"href":"https:\/\/indid.pl\/en\/wp-json\/wp\/v2\/product\/938","targetHints":{"allow":["GET"]}}],"collection":[{"href":"https:\/\/indid.pl\/en\/wp-json\/wp\/v2\/product"}],"about":[{"href":"https:\/\/indid.pl\/en\/wp-json\/wp\/v2\/types\/product"}],"replies":[{"embeddable":true,"href":"https:\/\/indid.pl\/en\/wp-json\/wp\/v2\/comments?post=938"}],"wp:featuredmedia":[{"embeddable":true,"href":"https:\/\/indid.pl\/en\/wp-json\/wp\/v2\/media\/889"}],"wp:attachment":[{"href":"https:\/\/indid.pl\/en\/wp-json\/wp\/v2\/media?parent=938"}],"wp:term":[{"taxonomy":"product_brand","embeddable":true,"href":"https:\/\/indid.pl\/en\/wp-json\/wp\/v2\/product_brand?post=938"},{"taxonomy":"product_cat","embeddable":true,"href":"https:\/\/indid.pl\/en\/wp-json\/wp\/v2\/product_cat?post=938"},{"taxonomy":"product_tag","embeddable":true,"href":"https:\/\/indid.pl\/en\/wp-json\/wp\/v2\/product_tag?post=938"}],"curies":[{"name":"wp","href":"https:\/\/api.w.org\/{rel}","templated":true}]}}